{"id":2,"date":"2023-09-27T15:23:39","date_gmt":"2023-09-27T13:23:39","guid":{"rendered":"http:\/\/ima-musique.fr\/?page_id=2"},"modified":"2023-10-08T16:30:56","modified_gmt":"2023-10-08T14:30:56","slug":"page-d-exemple","status":"publish","type":"page","link":"https:\/\/ima-musique.fr\/index.php\/page-d-exemple\/","title":{"rendered":"Acceuil IMA"},"content":{"rendered":"\n<p>Ecole fond\u00e9e de musique  il y a plus de 25 ans sur les communes d&#8217;And\u00e9 Saint pierre du vauvray et Saint Etienne du vauvray.<\/p>\n\n\n\n<p>La d\u00e9marche est d&#8217;apprendre le solf\u00e8ge en m\u00eame temps que son instrument.<\/p>\n\n\n\n<p>Des activit\u00e9s et la formation de groupe avec les professeurs sont possibles.<\/p>\n\n\n\n<p>L&#8217;IMA participe aussi \u00e0 l&#8217;animation de la vie des villages avec des f\u00eates en fin d&#8217;ann\u00e9e scolaire et des repr\u00e9sentations pour No\u00ebl.<\/p>\n\n\n\n<p><\/p>\n\n\n\n<p>Voici quelques photos de notre local de r\u00e9p\u00e9tition \u00e0 Saint Pierre du vauvray.<\/p>\n\n\n\n<figure class=\"wp-block-gallery has-nested-images columns-default is-cropped wp-block-gallery-1 is-layout-flex wp-block-gallery-is-layout-flex\">\n<figure class=\"wp-block-image size-large\"><img loading=\"lazy\" decoding=\"async\" width=\"768\" height=\"1024\" data-id=\"38\" src=\"http:\/\/ima-musique.fr\/wp-content\/uploads\/2023\/10\/20231007_170525-768x1024.jpg\" alt=\"\" class=\"wp-image-38\" srcset=\"https:\/\/ima-musique.fr\/wp-content\/uploads\/2023\/10\/20231007_170525-768x1024.jpg 768w, https:\/\/ima-musique.fr\/wp-content\/uploads\/2023\/10\/20231007_170525-225x300.jpg 225w, https:\/\/ima-musique.fr\/wp-content\/uploads\/2023\/10\/20231007_170525-1152x1536.jpg 1152w, https:\/\/ima-musique.fr\/wp-content\/uploads\/2023\/10\/20231007_170525-1536x2048.jpg 1536w, https:\/\/ima-musique.fr\/wp-content\/uploads\/2023\/10\/20231007_170525-scaled.jpg 1920w\" sizes=\"auto, (max-width: 768px) 100vw, 768px\" \/><\/figure>\n\n\n\n<figure class=\"wp-block-image size-large\"><img loading=\"lazy\" decoding=\"async\" width=\"1024\" height=\"768\" data-id=\"32\" src=\"http:\/\/ima-musique.fr\/wp-content\/uploads\/2023\/10\/20231007_170625-1024x768.jpg\" alt=\"\" class=\"wp-image-32\" srcset=\"https:\/\/ima-musique.fr\/wp-content\/uploads\/2023\/10\/20231007_170625-1024x768.jpg 1024w, https:\/\/ima-musique.fr\/wp-content\/uploads\/2023\/10\/20231007_170625-300x225.jpg 300w, https:\/\/ima-musique.fr\/wp-content\/uploads\/2023\/10\/20231007_170625-768x576.jpg 768w, https:\/\/ima-musique.fr\/wp-content\/uploads\/2023\/10\/20231007_170625-1536x1152.jpg 1536w, https:\/\/ima-musique.fr\/wp-content\/uploads\/2023\/10\/20231007_170625-2048x1536.jpg 2048w\" sizes=\"auto, (max-width: 1024px) 100vw, 1024px\" \/><\/figure>\n<\/figure>\n","protected":false},"excerpt":{"rendered":"<p>Ecole fond\u00e9e de musique il y a plus de 25 ans sur les communes d&#8217;And\u00e9 Saint pierre du vauvray et Saint Etienne du vauvray. La d\u00e9marche est d&#8217;apprendre le solf\u00e8ge en m\u00eame temps que son instrument. Des activit\u00e9s et la formation de groupe avec les professeurs sont possibles. L&#8217;IMA participe aussi \u00e0 l&#8217;animation de la [&hellip;]<\/p>\n","protected":false},"author":1,"featured_media":0,"parent":0,"menu_order":0,"comment_status":"closed","ping_status":"open","template":"","meta":{"footnotes":""},"class_list":["post-2","page","type-page","status-publish","hentry"],"_links":{"self":[{"href":"https:\/\/ima-musique.fr\/index.php\/wp-json\/wp\/v2\/pages\/2","targetHints":{"allow":["GET"]}}],"collection":[{"href":"https:\/\/ima-musique.fr\/index.php\/wp-json\/wp\/v2\/pages"}],"about":[{"href":"https:\/\/ima-musique.fr\/index.php\/wp-json\/wp\/v2\/types\/page"}],"author":[{"embeddable":true,"href":"https:\/\/ima-musique.fr\/index.php\/wp-json\/wp\/v2\/users\/1"}],"replies":[{"embeddable":true,"href":"https:\/\/ima-musique.fr\/index.php\/wp-json\/wp\/v2\/comments?post=2"}],"version-history":[{"count":3,"href":"https:\/\/ima-musique.fr\/index.php\/wp-json\/wp\/v2\/pages\/2\/revisions"}],"predecessor-version":[{"id":44,"href":"https:\/\/ima-musique.fr\/index.php\/wp-json\/wp\/v2\/pages\/2\/revisions\/44"}],"wp:attachment":[{"href":"https:\/\/ima-musique.fr\/index.php\/wp-json\/wp\/v2\/media?parent=2"}],"curies":[{"name":"wp","href":"https:\/\/api.w.org\/{rel}","templated":true}]}}