{"id":7,"date":"2023-09-27T15:32:04","date_gmt":"2023-09-27T13:32:04","guid":{"rendered":"http:\/\/ima-musique.fr\/?page_id=7"},"modified":"2023-09-27T18:07:06","modified_gmt":"2023-09-27T16:07:06","slug":"exemple-de-page","status":"publish","type":"page","link":"https:\/\/ima-musique.fr\/index.php\/exemple-de-page\/","title":{"rendered":"Nous contacter"},"content":{"rendered":"\n<p>Pour nous contacter passer par le t\u00e9l\u00e9phone de notre pr\u00e9sidente :<\/p>\n\n\n\n<p>06-87-45-15-68<\/p>\n\n\n\n<p>ou par mail on pr\u00e9f\u00e8re :<\/p>\n\n\n\n<p>initiativemusiqueamateur@gmail.com<\/p>\n","protected":false},"excerpt":{"rendered":"<p>Pour nous contacter passer par le t\u00e9l\u00e9phone de notre pr\u00e9sidente : 06-87-45-15-68 ou par mail on pr\u00e9f\u00e8re : initiativemusiqueamateur@gmail.com<\/p>\n","protected":false},"author":1,"featured_media":0,"parent":0,"menu_order":0,"comment_status":"closed","ping_status":"closed","template":"","meta":{"footnotes":""},"class_list":["post-7","page","type-page","status-publish","hentry"],"_links":{"self":[{"href":"https:\/\/ima-musique.fr\/index.php\/wp-json\/wp\/v2\/pages\/7","targetHints":{"allow":["GET"]}}],"collection":[{"href":"https:\/\/ima-musique.fr\/index.php\/wp-json\/wp\/v2\/pages"}],"about":[{"href":"https:\/\/ima-musique.fr\/index.php\/wp-json\/wp\/v2\/types\/page"}],"author":[{"embeddable":true,"href":"https:\/\/ima-musique.fr\/index.php\/wp-json\/wp\/v2\/users\/1"}],"replies":[{"embeddable":true,"href":"https:\/\/ima-musique.fr\/index.php\/wp-json\/wp\/v2\/comments?post=7"}],"version-history":[{"count":3,"href":"https:\/\/ima-musique.fr\/index.php\/wp-json\/wp\/v2\/pages\/7\/revisions"}],"predecessor-version":[{"id":27,"href":"https:\/\/ima-musique.fr\/index.php\/wp-json\/wp\/v2\/pages\/7\/revisions\/27"}],"wp:attachment":[{"href":"https:\/\/ima-musique.fr\/index.php\/wp-json\/wp\/v2\/media?parent=7"}],"curies":[{"name":"wp","href":"https:\/\/api.w.org\/{rel}","templated":true}]}}